{"id":31604,"date":"2022-05-30T19:00:06","date_gmt":"2022-05-30T19:00:06","guid":{"rendered":"https:\/\/www.nbsboxing.com\/cours-de-boxe-prive\/"},"modified":"2022-08-09T13:24:11","modified_gmt":"2022-08-09T13:24:11","slug":"prive-bokslessen","status":"publish","type":"page","link":"https:\/\/www.nbsboxing.com\/nl\/prive-bokslessen\/","title":{"rendered":"Priv\u00e9 en semi-priv\u00e9 bokslessen"},"content":{"rendered":"<section class=\"wpb-content-wrapper\"><p>[vc_row full_width=&#8221;stretch_row_content_no_spaces&#8221;][vc_column][rev_slider_vc alias=&#8221;boxe-prive-et-semi-prive-1&#8243;][\/vc_column][\/vc_row][vc_row content_placement=&#8221;middle&#8221; css=&#8221;.vc_custom_1634808595508{margin-top: 25px !important;margin-bottom: 3vh !important;}&#8221; mobile_bg_img_hidden=&#8221;no&#8221; tablet_bg_img_hidden=&#8221;no&#8221; woodmart_parallax=&#8221;0&#8243; woodmart_gradient_switch=&#8221;no&#8221; row_reverse_mobile=&#8221;0&#8243; row_reverse_tablet=&#8221;0&#8243; woodmart_disable_overflow=&#8221;0&#8243;][vc_column css=&#8221;.vc_custom_1628372873772{margin-bottom: 2vh !important;padding-top: 0px !important;}&#8221; offset=&#8221;vc_col-lg-5 vc_col-md-5&#8243; mobile_bg_img_hidden=&#8221;no&#8221; tablet_bg_img_hidden=&#8221;no&#8221; woodmart_parallax=&#8221;0&#8243; woodmart_sticky_column=&#8221;false&#8221; parallax_scroll=&#8221;no&#8221; mobile_reset_margin=&#8221;no&#8221; tablet_reset_margin=&#8221;no&#8221;][vc_custom_heading text=&#8221;Doe mee met het pakket&#8221; font_container=&#8221;tag:p|font_size:18|text_align:left|color:%23bb9d5a&#8221; use_theme_fonts=&#8221;yes&#8221; css=&#8221;.vc_custom_1658940971899{margin-bottom: 10px !important;}&#8221;]\n\t\t<div id=\"wd-62e16e2cd1722\" class=\"title-wrapper wd-wpb set-mb-s reset-last-child  wd-rs-62e16e2cd1722 wd-title-color-default wd-title-style-default text-left vc_custom_1658940979623 wd-underline-colored\">\n\t\t\t\n\t\t\t<div class=\"liner-continer\">\n\t\t\t\t<h2 class=\"woodmart-title-container title  wd-font-weight- wd-fontsize-xxl\" >Priv\u00e9 bokslessen volgen bij Nbsboxing<\/h2>\n\t\t\t\t\t\t\t<\/div>\n\t\t\t\n\t\t\t\n\t\t\t\n\t\t<\/div>\n\t\t\n\t\t[vc_custom_heading text=&#8221;bokslessen &#8217;s middags of &#8217;s ochtends Door je in te schrijven voor een <b>priv\u00e9 boksles bij Nbsboxing<\/b>, heb je recht op een coach speciaal voor jou.&#8221; font_container=&#8221;tag:p|font_size:20|text_align:left|color:%23212121&#8243; use_theme_fonts=&#8221;yes&#8221;][vc_column_text 0=&#8221;&#8221; css=&#8221;.vc_custom_1658941055720{margin-bottom: 25px !important;padding-right: 5% !important;}&#8221; el_class=&#8221;text-larger&#8221; text_larger=&#8221;no&#8221; woodmart_inline=&#8221;no&#8221;]<span style=\"font-weight: 400;\">Met priv\u00e9-bokslessen kunt u uw beschikbaarheid (priv\u00e9-bokslessen hebben op tijden die u schikken) en uw doelen bepalen met uw coach die zijn trainingsprogramma daarop zal aanpassen. Je traint \u00e9\u00e9n-op-\u00e9\u00e9n met je coach en hebt alle tijd om al je vragen te stellen.<\/span>[\/vc_column_text][\/vc_column][vc_column css=&#8221;.vc_custom_1628372878513{margin-bottom: 2vh !important;padding-top: 0px !important;}&#8221; offset=&#8221;vc_col-lg-7 vc_col-md-7&#8243; mobile_bg_img_hidden=&#8221;no&#8221; tablet_bg_img_hidden=&#8221;no&#8221; woodmart_parallax=&#8221;0&#8243; woodmart_sticky_column=&#8221;false&#8221; parallax_scroll=&#8221;no&#8221; mobile_reset_margin=&#8221;no&#8221; tablet_reset_margin=&#8221;no&#8221;][vc_video link=&#8221;https:\/\/www.youtube.com\/watch?v=AJ0V_suXn2E&amp;ab_channel=NBSBOXING&#8221; align=&#8221;center&#8221; poster_image=&#8221;30149&#8243; image_poster_switch=&#8221;yes&#8221; img_size=&#8221;full&#8221; css=&#8221;.vc_custom_1653939881981{margin-bottom: 0px !important;}&#8221;][\/vc_column][\/vc_row][vc_row full_width=&#8221;stretch_row&#8221; css=&#8221;.vc_custom_1634808733603{background-image: url(https:\/\/www.nbsboxing.com\/wp-content\/uploads\/2021\/06\/testp1-1.png?id=29216) !important;}&#8221; mobile_bg_img_hidden=&#8221;no&#8221; tablet_bg_img_hidden=&#8221;no&#8221; woodmart_parallax=&#8221;0&#8243; woodmart_gradient_switch=&#8221;no&#8221; row_reverse_mobile=&#8221;0&#8243; row_reverse_tablet=&#8221;0&#8243; woodmart_disable_overflow=&#8221;0&#8243;][vc_column width=&#8221;1\/2&#8243;]\t\t<div id=\"gallery_883\" class=\"wd-images-gallery wd-justify-center wd-items-middle view-carousel photoswipe-images wd-carousel-spacing-10 wd-carousel-container\" data-owl-carousel data-wrap=\"no\" data-hide_pagination_control=\"no\" data-hide_prev_next_buttons=\"no\" data-desktop=\"1\" data-tablet=\"1\" data-tablet_landscape=\"1\" data-mobile=\"1\">\n\t\t\t<div class=\"gallery-images owl-carousel owl-items-lg-1 owl-items-md-1 owl-items-sm-1 owl-items-xs-1\">\n\t\t\t\t\t\t\t\t\t\t\t\t\t\t\t<div class=\"wd-gallery-item\">\n\t\t\t\t\t\t\t\t\t\t\t\t\t\t<a href=\"https:\/\/www.nbsboxing.com\/wp-content\/uploads\/2022\/05\/cours-de-boxe-prive.jpg\" data-elementor-open-lightbox=\"no\" data-index=\"1\" data-width=\"1701\" data-height=\"1030\"  title=\"cours-de-boxe-prive\">\n\t\t\t\t\t\t\t\t\n\t\t\t\t\t\t\t\t\t\t\t\t\t\t\t\t\t<img decoding=\"async\" width=\"1701\" height=\"1030\" src=\"https:\/\/www.nbsboxing.com\/wp-content\/uploads\/2022\/05\/cours-de-boxe-prive.jpg\" class=\"wd-gallery-image image-1 attachment-full\" alt=\"\" title=\"cours-de-boxe-prive\" srcset=\"https:\/\/www.nbsboxing.com\/wp-content\/uploads\/2022\/05\/cours-de-boxe-prive.jpg 1701w, https:\/\/www.nbsboxing.com\/wp-content\/uploads\/2022\/05\/cours-de-boxe-prive-300x182.jpg 300w, https:\/\/www.nbsboxing.com\/wp-content\/uploads\/2022\/05\/cours-de-boxe-prive-1024x620.jpg 1024w, https:\/\/www.nbsboxing.com\/wp-content\/uploads\/2022\/05\/cours-de-boxe-prive-768x465.jpg 768w, https:\/\/www.nbsboxing.com\/wp-content\/uploads\/2022\/05\/cours-de-boxe-prive-1536x930.jpg 1536w, https:\/\/www.nbsboxing.com\/wp-content\/uploads\/2022\/05\/cours-de-boxe-prive-600x363.jpg 600w, https:\/\/www.nbsboxing.com\/wp-content\/uploads\/2022\/05\/cours-de-boxe-prive-150x91.jpg 150w\" sizes=\"(max-width: 1701px) 100vw, 1701px\" \/>\t\t\t\t\t\t\t\t\n\n\t\t\t\t\t\t\t\t\t\t\t\t\t\t\t<\/a>\n\t\t\t\t\t\t\t\t\t\t\t\t<\/div>\n\t\t\t\t\t\t\t\t\t\t\t<div class=\"wd-gallery-item\">\n\t\t\t\t\t\t\t\t\t\t\t\t\t\t<a href=\"https:\/\/www.nbsboxing.com\/wp-content\/uploads\/2021\/08\/travail-au-sac.jpg\" data-elementor-open-lightbox=\"no\" data-index=\"2\" data-width=\"1600\" data-height=\"900\"  title=\"travail au sac\">\n\t\t\t\t\t\t\t\t\n\t\t\t\t\t\t\t\t\t\t\t\t\t\t\t\t\t<img decoding=\"async\" width=\"1600\" height=\"900\" src=\"https:\/\/www.nbsboxing.com\/wp-content\/uploads\/2021\/08\/travail-au-sac.jpg\" class=\"wd-gallery-image image-2 attachment-full\" alt=\"\" title=\"travail au sac\" srcset=\"https:\/\/www.nbsboxing.com\/wp-content\/uploads\/2021\/08\/travail-au-sac.jpg 1600w, https:\/\/www.nbsboxing.com\/wp-content\/uploads\/2021\/08\/travail-au-sac-150x84.jpg 150w, https:\/\/www.nbsboxing.com\/wp-content\/uploads\/2021\/08\/travail-au-sac-600x338.jpg 600w, https:\/\/www.nbsboxing.com\/wp-content\/uploads\/2021\/08\/travail-au-sac-300x169.jpg 300w, https:\/\/www.nbsboxing.com\/wp-content\/uploads\/2021\/08\/travail-au-sac-1024x576.jpg 1024w, https:\/\/www.nbsboxing.com\/wp-content\/uploads\/2021\/08\/travail-au-sac-768x432.jpg 768w, https:\/\/www.nbsboxing.com\/wp-content\/uploads\/2021\/08\/travail-au-sac-1536x864.jpg 1536w\" sizes=\"(max-width: 1600px) 100vw, 1600px\" \/>\t\t\t\t\t\t\t\t\n\n\t\t\t\t\t\t\t\t\t\t\t\t\t\t\t<\/a>\n\t\t\t\t\t\t\t\t\t\t\t\t<\/div>\n\t\t\t\t\t\t\t\t\t\t\t\t<\/div>\n\t\t<\/div>\n\t\t\t\t[\/vc_column][vc_column width=&#8221;1\/2&#8243;][vc_custom_heading text=&#8221;Een uitstekende sportcoach tot uw beschikking&#8221; font_container=&#8221;tag:p|font_size:18|text_align:left|color:%23bb9d5a&#8221; use_theme_fonts=&#8221;yes&#8221; css=&#8221;.vc_custom_1658941067523{margin-bottom: 10px !important;}&#8221;]\n\t\t<div id=\"wd-62e16eb12e590\" class=\"title-wrapper wd-wpb set-mb-s reset-last-child  wd-rs-62e16eb12e590 wd-title-color-white wd-title-style-default text-left vc_custom_1658941112185 wd-underline-colored\">\n\t\t\t\n\t\t\t<div class=\"liner-continer\">\n\t\t\t\t<h2 class=\"woodmart-title-container title  wd-font-weight- wd-fontsize-xxl\" >Heb een priv\u00e9 bokscoach<\/h2>\n\t\t\t\t\t\t\t<\/div>\n\t\t\t\n\t\t\t\n\t\t\t\n\t\t<\/div>\n\t\t\n\t\t[vc_custom_heading text=&#8221;Door aandacht te besteden aan uw ambities, staan onze priv\u00e9coaches (in het Engels boksen) tot uw beschikking om u een reeks gepersonaliseerde oefeningen aan te bieden.&#8221; font_container=&#8221;tag:p|font_size:20|text_align:left|color:%23ffffff&#8221; use_theme_fonts=&#8221;yes&#8221;][vc_column_text 0=&#8221;&#8221; woodmart_color_scheme=&#8221;light&#8221; css=&#8221;.vc_custom_1660051395988{margin-bottom: 25px !important;padding-right: 5% !important;}&#8221; el_class=&#8221;text-larger&#8221; text_larger=&#8221;no&#8221; woodmart_inline=&#8221;no&#8221;]<\/p>\n<p align=\"JUSTIFY\"><span style=\"font-weight: 400;\">Het is hun roeping om jou te begeleiden, te begeleiden en aan te moedigen om je sportcarri\u00e8re voort te zetten.<\/span><\/p>\n<p align=\"JUSTIFY\"><span style=\"font-weight: 400;\">Met een priv\u00e9 coach van NBS kun je boksoefeningen doen die passen bij je capaciteiten en ambities. Heeft u nog vragen?<\/span><\/p>\n<p align=\"JUSTIFY\"><span style=\"font-weight: 400;\">Wacht niet langer, neem een<\/span> <a href=\"\/nl\/contact\/\"><strong><span style=\"font-weight: 400;\">\u200b\u200b<strong>eerste proefles<\/strong><\/span><\/strong><\/a>, <span style=\"font-weight: 400;\">je begrijpt het wel.<\/span><\/p>\n<p>[\/vc_column_text][\/vc_column][\/vc_row][vc_row css=&#8221;.vc_custom_1634231220661{margin-bottom: 60px !important;}&#8221; mobile_bg_img_hidden=&#8221;no&#8221; tablet_bg_img_hidden=&#8221;no&#8221; woodmart_parallax=&#8221;0&#8243; woodmart_gradient_switch=&#8221;no&#8221; row_reverse_mobile=&#8221;1&#8243; row_reverse_tablet=&#8221;0&#8243; woodmart_disable_overflow=&#8221;0&#8243;][vc_column width=&#8221;1\/2&#8243; mobile_bg_img_hidden=&#8221;no&#8221; tablet_bg_img_hidden=&#8221;no&#8221; woodmart_parallax=&#8221;0&#8243; woodmart_sticky_column=&#8221;false&#8221; parallax_scroll=&#8221;no&#8221; mobile_reset_margin=&#8221;no&#8221; tablet_reset_margin=&#8221;no&#8221; css=&#8221;.vc_custom_1635111263937{padding-top: 10% !important;}&#8221;]\n\t\t<div id=\"wd-62e16f1e17379\" class=\"title-wrapper wd-wpb set-mb-s reset-last-child  wd-rs-62e16f1e17379 wd-title-color-default wd-title-style-default text-left vc_custom_1658941221893 wd-underline-colored\">\n\t\t\t\n\t\t\t<div class=\"liner-continer\">\n\t\t\t\t<h2 class=\"woodmart-title-container title  wd-font-weight- wd-fontsize-xxl\" >Leer boksen in priv\u00e9lessen met een NBS-coach<\/h2>\n\t\t\t\t\t\t\t<\/div>\n\t\t\t\n\t\t\t\n\t\t\t\n\t\t<\/div>\n\t\t\n\t\t[vc_custom_heading text=&#8221;Om te kunnen rekenen op de diensten van een uitstekende priv\u00e9-sportcoach om boksen te beoefenen, is een grote troef.&#8221; font_container=&#8221;tag:p|font_size:20|text_align:left|color:%23212121&#8243; use_theme_fonts=&#8221;yes&#8221;][vc_column_text 0=&#8221;&#8221; css=&#8221;.vc_custom_1658941306491{margin-bottom: 25px !important;padding-right: 5% !important;}&#8221; el_class=&#8221;text-larger&#8221; text_larger=&#8221;no&#8221; woodmart_inline=&#8221;no&#8221;]<\/p>\n<p align=\"JUSTIFY\"><span style=\"font-weight: 400;\">U moet weten dat de bokslessen die in de klassieke setting worden gegeven, beperkingen met zich meebrengen in termen van schema&#8217;s, en plannen op dezelfde manier als een programma dat voor alle leerlingen geldt.<\/span><\/p>\n<p align=\"JUSTIFY\"><span style=\"font-weight: 400;\">De flexibiliteit van het schema is een groot probleem dat door NBS wordt ge\u00efdentificeerd. Het is inderdaad ingewikkeld om schema&#8217;s strikt te respecteren wanneer onze dag vaak wordt onderbroken door dagelijkse verplichtingen (kinderen, werk, enz.). Door een beroep te doen op een NBS sportcoach kies je ervoor om je te laten begeleiden door topprofessionals die bij jou thuis of in een sportschool komen op de tijden die jou schikken om priv\u00e9 bokslessen te volgen in je eigen tempo en niveau.<\/span><\/p>\n<p align=\"JUSTIFY\"><strong><span style=\"font-weight: 400;\">Nog een moeilijkheid: beoefenaars krijgen weinig aandacht in een boksschool, gezien het aantal deelnemers. Aan de andere kant, voor <strong>priv\u00e9-bokslessen Engels <\/strong><\/span><\/strong><span style=\"font-weight: 400;\">bij NBS, zal uw priv\u00e9coach zich volledig aan u wijden en uw ritme en uw doelstellingen volgen.<\/span><\/p>\n<p>[\/vc_column_text][\/vc_column][vc_column width=&#8221;1\/2&#8243;][vc_single_image image=&#8221;30015&#8243; img_size=&#8221;full&#8221; woodmart_inline=&#8221;no&#8221; parallax_scroll=&#8221;no&#8221;][\/vc_column][\/vc_row][vc_row][vc_column width=&#8221;1\/2&#8243;][vc_single_image image=&#8221;30154&#8243; img_size=&#8221;full&#8221; woodmart_inline=&#8221;no&#8221; parallax_scroll=&#8221;no&#8221;][\/vc_column][vc_column width=&#8221;1\/2&#8243; mobile_bg_img_hidden=&#8221;no&#8221; tablet_bg_img_hidden=&#8221;no&#8221; woodmart_parallax=&#8221;0&#8243; woodmart_sticky_column=&#8221;false&#8221; parallax_scroll=&#8221;no&#8221; mobile_reset_margin=&#8221;no&#8221; tablet_reset_margin=&#8221;no&#8221;]\n\t\t<div id=\"wd-62e16f7db9912\" class=\"title-wrapper wd-wpb set-mb-s reset-last-child  wd-rs-62e16f7db9912 wd-title-color-default wd-title-style-default text-left vc_custom_1658941394575 wd-underline-colored\">\n\t\t\t\n\t\t\t<div class=\"liner-continer\">\n\t\t\t\t<h2 class=\"woodmart-title-container title  wd-font-weight- wd-fontsize-xxl\" >Waarom een priv\u00e9 boksles nemen ?<\/h2>\n\t\t\t\t\t\t\t<\/div>\n\t\t\t\n\t\t\t\n\t\t\t\n\t\t<\/div>\n\t\t\n\t\t[vc_column_text 0=&#8221;&#8221; css=&#8221;.vc_custom_1660051440670{margin-bottom: 25px !important;padding-right: 5% !important;}&#8221; el_class=&#8221;text-larger&#8221; text_larger=&#8221;no&#8221; woodmart_inline=&#8221;no&#8221;]<\/p>\n<p align=\"JUSTIFY\"><span style=\"font-weight: 400;\">De verdiensten van boksen zijn legio. Het beoefenen van deze fysieke activiteit interesseert inderdaad een groeiend aantal vrouwen die fit willen boksen. Doel: het lichaam vormgeven, fysieke vaardigheden verbeteren en<\/span> <strong><a href=\"\/nl\/bokstechniek-leren\/\">trainen in een verdedigingstechniek<\/a><\/strong>.<\/p>\n<p align=\"JUSTIFY\"><span style=\"font-weight: 400;\">NBS-sportcoaches zijn afgestemd op uw beperkingen. In tegenstelling tot groepsbokslessen waarbij er vaste tijden zijn, is het aan jou om je eigen sportschema op te stellen en dit door te geven aan het NBS-team.<\/span><\/p>\n<p align=\"JUSTIFY\"><span style=\"font-weight: 400;\">Voor mannen zullen priv\u00e9-bokslessen hen in staat stellen om alle sportieve dynamieken van de grootste professionals te leren kennen. U kunt profiteren van het advies van NBS-coaches. Kies de uitrusting die bij je past, stel goede doelen, gun jezelf het plezier van boksen in het gezelschap van een ervaren team.<\/span><\/p>\n<p>[\/vc_column_text][\/vc_column][\/vc_row]<\/p>\n<\/section>","protected":false},"excerpt":{"rendered":"<p>[vc_row full_width=&#8221;stretch_row_content_no_spaces&#8221;][vc_column][rev_slider_vc alias=&#8221;boxe-prive-et-semi-prive-1&#8243;][\/vc_column][\/vc_row][vc_row content_placement=&#8221;middle&#8221; css=&#8221;.vc_custom_1634808595508{margin-top: 25px !important;margin-bottom: 3vh !important;}&#8221; mobile_bg_img_hidden=&#8221;no&#8221; tablet_bg_img_hidden=&#8221;no&#8221; woodmart_parallax=&#8221;0&#8243; woodmart_gradient_switch=&#8221;no&#8221; row_reverse_mobile=&#8221;0&#8243; row_reverse_tablet=&#8221;0&#8243; woodmart_disable_overflow=&#8221;0&#8243;][vc_column css=&#8221;.vc_custom_1628372873772{margin-bottom: 2vh !important;padding-top: 0px<\/p>\n","protected":false},"author":1,"featured_media":0,"parent":0,"menu_order":0,"comment_status":"closed","ping_status":"closed","template":"","meta":{"footnotes":""},"class_list":["post-31604","page","type-page","status-publish","hentry"],"_links":{"self":[{"href":"https:\/\/www.nbsboxing.com\/nl\/wp-json\/wp\/v2\/pages\/31604","targetHints":{"allow":["GET"]}}],"collection":[{"href":"https:\/\/www.nbsboxing.com\/nl\/wp-json\/wp\/v2\/pages"}],"about":[{"href":"https:\/\/www.nbsboxing.com\/nl\/wp-json\/wp\/v2\/types\/page"}],"author":[{"embeddable":true,"href":"https:\/\/www.nbsboxing.com\/nl\/wp-json\/wp\/v2\/users\/1"}],"replies":[{"embeddable":true,"href":"https:\/\/www.nbsboxing.com\/nl\/wp-json\/wp\/v2\/comments?post=31604"}],"version-history":[{"count":5,"href":"https:\/\/www.nbsboxing.com\/nl\/wp-json\/wp\/v2\/pages\/31604\/revisions"}],"predecessor-version":[{"id":31688,"href":"https:\/\/www.nbsboxing.com\/nl\/wp-json\/wp\/v2\/pages\/31604\/revisions\/31688"}],"wp:attachment":[{"href":"https:\/\/www.nbsboxing.com\/nl\/wp-json\/wp\/v2\/media?parent=31604"}],"curies":[{"name":"wp","href":"https:\/\/api.w.org\/{rel}","templated":true}]}}